{"id":517,"date":"2023-10-31T21:12:21","date_gmt":"2023-10-31T21:12:21","guid":{"rendered":"http:\/\/demo.richplugins.com\/?page_id=517"},"modified":"2026-01-24T21:15:50","modified_gmt":"2026-01-24T21:15:50","slug":"test-page","status":"publish","type":"page","link":"https:\/\/demo.richplugins.com\/index.php\/test-page\/","title":{"rendered":"Test page"},"content":{"rendered":"\n<p>test testtest testtest testtest testtest testtest testtest testtest testtest testtest testtest testtest testtest testtest testtest testtest testtest testtest testtest testtest testtest testtest testtest testtest testtest testtest testtest testtest testtest test<\/p>\n\n\n<div class=\"wp-gr rpi\" data-id=\"1256\" data-layout=\"list\" data-exec=\"false\" data-options='{&quot;text_size&quot;:&quot;80&quot;,&quot;trans&quot;:{&quot;read more&quot;:&quot;read more&quot;}}'><svg xmlns=\"http:\/\/www.w3.org\/2000\/svg\" style=\"display:none!important\"><symbol id=\"grw-tripadvisor\" viewBox=\"0 0 713.496 713.496\"><g><circle fill=\"#34E0A1\" cx=\"356.749\" cy=\"356.748\" r=\"356.748\"\/><path d=\"M577.095,287.152l43.049-46.836h-95.465c-47.792-32.646-105.51-51.659-167.931-51.659   c-62.342,0-119.899,19.054-167.612,51.659H93.432l43.049,46.836c-26.387,24.075-42.929,58.754-42.929,97.259   c0,72.665,58.914,131.578,131.579,131.578c34.519,0,65.968-13.313,89.446-35.077l42.172,45.919l42.172-45.879   c23.478,21.764,54.887,35.037,89.406,35.037c72.665,0,131.658-58.913,131.658-131.578   C620.024,345.866,603.483,311.188,577.095,287.152z M225.17,473.458c-49.188,0-89.047-39.859-89.047-89.047   s39.86-89.048,89.047-89.048c49.187,0,89.047,39.86,89.047,89.048S274.357,473.458,225.17,473.458z M356.788,381.82   c0-58.595-42.61-108.898-98.853-130.383c30.413-12.716,63.776-19.771,98.813-19.771s68.439,7.055,98.853,19.771   C399.399,272.962,356.788,323.226,356.788,381.82z M488.367,473.458c-49.188,0-89.048-39.859-89.048-89.047   s39.86-89.048,89.048-89.048s89.047,39.86,89.047,89.048S537.554,473.458,488.367,473.458z M488.367,337.694   c-25.79,0-46.677,20.887-46.677,46.677c0,25.789,20.887,46.676,46.677,46.676c25.789,0,46.676-20.887,46.676-46.676   C535.042,358.621,514.156,337.694,488.367,337.694z M271.846,384.411c0,25.789-20.887,46.676-46.676,46.676   s-46.676-20.887-46.676-46.676c0-25.79,20.887-46.677,46.676-46.677C250.959,337.694,271.846,358.621,271.846,384.411z\"\/><\/g><\/symbol><symbol id=\"grw-google\" viewBox=\"0 0 512 512\"><g fill=\"none\" fill-rule=\"evenodd\"><path d=\"M482.56 261.36c0-16.73-1.5-32.83-4.29-48.27H256v91.29h127.01c-5.47 29.5-22.1 54.49-47.09 71.23v59.21h76.27c44.63-41.09 70.37-101.59 70.37-173.46z\" fill=\"#4285f4\"\/><path d=\"M256 492c63.72 0 117.14-21.13 156.19-57.18l-76.27-59.21c-21.13 14.16-48.17 22.53-79.92 22.53-61.47 0-113.49-41.51-132.05-97.3H45.1v61.15c38.83 77.13 118.64 130.01 210.9 130.01z\" fill=\"#34a853\"\/><path d=\"M123.95 300.84c-4.72-14.16-7.4-29.29-7.4-44.84s2.68-30.68 7.4-44.84V150.01H45.1C29.12 181.87 20 217.92 20 256c0 38.08 9.12 74.13 25.1 105.99l78.85-61.15z\" fill=\"#fbbc05\"\/><path d=\"M256 113.86c34.65 0 65.76 11.91 90.22 35.29l67.69-67.69C373.03 43.39 319.61 20 256 20c-92.25 0-172.07 52.89-210.9 130.01l78.85 61.15c18.56-55.78 70.59-97.3 132.05-97.3z\" fill=\"#ea4335\"\/><path d=\"M20 20h472v472H20V20z\"\/><\/g><\/symbol><\/svg><div class=\"wp-google-list\"><div class=\"grw-header\"><div class=\"grw-header-inner rpi-flx rpi-row12\"><div class=\"grw-img-wrap\"><img decoding=\"async\" class=\"grw-img\" src=\"http:\/\/demo.richplugins.com\/wp-content\/uploads\/2023\/05\/temp.jpg\" loading=\"lazy\" alt=\"\" width=\"50\" height=\"50\" onerror=\"if(this.src!='data:image\/gif;base64,R0lGODlhAQABAIAAAAAAAP\/\/\/yH5BAEAAAAALAAAAAABAAEAAAIBRAA7')this.src='data:image\/gif;base64,R0lGODlhAQABAIAAAAAAAP\/\/\/yH5BAEAAAAALAAAAAABAAEAAAIBRAA7';\" ><\/div><div class=\"rpi-flx rpi-col8\"><div class=\"wp-google-name\"><a href=\"https:\/\/maps.google.com\/?cid=367199266098896699&#038;g_mp=CiVnb29nbGUubWFwcy5wbGFjZXMudjEuUGxhY2VzLkdldFBsYWNlEAIYBCAA\" target=\"_blank\" rel=\"nofollow noopener\" aria-label=\"Starbucks place profile - opens in a new window\">Starbucks<\/a><\/div><span class=\"rpi-stars\" role=\"img\" aria-label=\"Rating: 3.9 out of 5\" style=\"--rating:3.9\">3.9<\/span><div class=\"wp-google-based\">Based on 1452 reviews<\/div><div class=\"wp-google-powered\">powered by <span><span style=\"color:#3c6df0!important\">G<\/span><span style=\"color:#d93025!important\">o<\/span><span style=\"color:#fb8e28!important\">o<\/span><span style=\"color:#3c6df0!important\">g<\/span><span style=\"color:#188038!important\">l<\/span><span style=\"color:#d93025!important\">e<\/span><\/span><\/div><div class=\"wp-google-wr\"><a href=\"https:\/\/search.google.com\/local\/writereview?placeid=ChIJRRkWyaHhvkcRO9-becmNGAU\" target=\"_blank\" rel=\"nofollow noopener\" aria-label=\"review us on Google - opens in a new window\" onclick=\"return rplg_leave_review_window.call(this)\">review us on<svg height=\"16\" width=\"16\" role=\"none\"><use href=\"#grw-google\"><\/use><\/svg><\/a><\/div><\/div><\/div><\/div><div class=\"rpi-flx rpi-col16\"><div class=\"wp-google-review\"><div class=\"rpi-flx rpi-row12\"><div class=\"grw-img-wrap\"><img decoding=\"async\" class=\"grw-img\" src=\"http:\/\/demo.richplugins.com\/wp-content\/uploads\/2026\/01\/ChIJRRkWyaHhvkcRO9-becmNGAU_322b2d7b25c58147d31d475d5b7d31a0.jpg\" loading=\"lazy\" alt=\"\" width=\"50\" height=\"50\" onerror=\"if(this.src!='https:\/\/demo.richplugins.com\/wp-content\/plugins\/trunk\/assets\/img\/guest.png')this.src='https:\/\/demo.richplugins.com\/wp-content\/plugins\/trunk\/assets\/img\/guest.png';\" ><\/div><div class=\"rpi-flx rpi-col4\"><a href=\"https:\/\/www.google.com\/maps\/contrib\/108591724260049336833\/reviews\" class=\"wp-google-name\" target=\"_blank\" rel=\"nofollow noopener\" aria-label=\"Joshua zhang user profile - opens in a new window\">Joshua zhang<\/a><div class=\"wp-google-time\" data-time=\"1768325088\">17:24 13 Jan 26<\/div><div class=\"wp-google-feedback\"><span class=\"rpi-stars\" style=\"--rating:1\"><\/span><span class=\"wp-google-text\">Ich war in dieser Starbucks-Filiale und hatte eine extrem schlechte Erfahrung.<br \/>Ich habe dem Mitarbeiter ausdr\u00fccklich das Rezept gezeigt und erkl\u00e4rt, dass ich genau nach diesem Rezept einen Erdbeer-Drink (Refresh\/Refresher) haben m\u00f6chte. Trotzdem wurde das Getr\u00e4nk nicht nach der angegebenen Rezeptur zubereitet.<br \/><br \/>Zus\u00e4tzlich habe ich klar gesagt, dass ich das Getr\u00e4nk zum Mitnehmen haben m\u00f6chte, aber auch das wurde ignoriert. Am Ende bekam ich ein falsches Getr\u00e4nk und nicht einmal in der richtigen Form.<br \/><br \/>Der gesamte Ablauf war v\u00f6llig chaotisch, die Kommunikation unprofessionell und meine W\u00fcnsche wurden nicht ernst genommen. F\u00fcr einen so bekannten Namen wie Starbucks ist dieser Service inakzeptabel.<br \/>Insgesamt eine sehr entt\u00e4uschende Erfahrung \u2013 ich werde diese Filiale nicht noch einmal besuchen.<\/span><\/div><\/div><\/div><\/div><div class=\"wp-google-review\"><div class=\"rpi-flx rpi-row12\"><div class=\"grw-img-wrap\"><img decoding=\"async\" class=\"grw-img\" src=\"http:\/\/demo.richplugins.com\/wp-content\/uploads\/2026\/01\/ChIJRRkWyaHhvkcRO9-becmNGAU_a1f354ce5af25c427759d1ef44eecbfc.jpg\" loading=\"lazy\" alt=\"\" width=\"50\" height=\"50\" onerror=\"if(this.src!='https:\/\/demo.richplugins.com\/wp-content\/plugins\/trunk\/assets\/img\/guest.png')this.src='https:\/\/demo.richplugins.com\/wp-content\/plugins\/trunk\/assets\/img\/guest.png';\" ><\/div><div class=\"rpi-flx rpi-col4\"><a href=\"https:\/\/www.google.com\/maps\/contrib\/102460794573676400638\/reviews\" class=\"wp-google-name\" target=\"_blank\" rel=\"nofollow noopener\" aria-label=\"Weronika B user profile - opens in a new window\">Weronika B<\/a><div class=\"wp-google-time\" data-time=\"1768318817\">15:40 13 Jan 26<\/div><div class=\"wp-google-feedback\"><span class=\"rpi-stars\" style=\"--rating:5\"><\/span><span class=\"wp-google-text\">Dort ist alles wundersch\u00f6n<\/span><\/div><\/div><\/div><\/div><div class=\"wp-google-review\"><div class=\"rpi-flx rpi-row12\"><div class=\"grw-img-wrap\"><img decoding=\"async\" class=\"grw-img\" src=\"http:\/\/demo.richplugins.com\/wp-content\/uploads\/2026\/01\/ChIJRRkWyaHhvkcRO9-becmNGAU_aa3c582a2c94a0bca878172e0e2f76fc.jpg\" loading=\"lazy\" alt=\"\" width=\"50\" height=\"50\" onerror=\"if(this.src!='https:\/\/demo.richplugins.com\/wp-content\/plugins\/trunk\/assets\/img\/guest.png')this.src='https:\/\/demo.richplugins.com\/wp-content\/plugins\/trunk\/assets\/img\/guest.png';\" ><\/div><div class=\"rpi-flx rpi-col4\"><a href=\"https:\/\/www.google.com\/maps\/contrib\/107884759679506124822\/reviews\" class=\"wp-google-name\" target=\"_blank\" rel=\"nofollow noopener\" aria-label=\"Lukas Fuu user profile - opens in a new window\">Lukas Fuu<\/a><div class=\"wp-google-time\" data-time=\"1768230344\">15:05 12 Jan 26<\/div><div class=\"wp-google-feedback\"><span class=\"rpi-stars\" style=\"--rating:1\"><\/span><span class=\"wp-google-text\">Leider sehr unfreundliches Personal, w\u00fcrde den anderen am Marktplatz immer vorziehen\u2026.<\/span><\/div><\/div><\/div><\/div><div class=\"wp-google-review wp-google-hide\"><div class=\"rpi-flx rpi-row12\"><div class=\"grw-img-wrap\"><img decoding=\"async\" class=\"grw-img\" src=\"http:\/\/demo.richplugins.com\/wp-content\/uploads\/2026\/01\/ChIJRRkWyaHhvkcRO9-becmNGAU_bcfa1e3924bd70691483403b1e203291.jpg\" loading=\"lazy\" alt=\"\" width=\"50\" height=\"50\" onerror=\"if(this.src!='https:\/\/demo.richplugins.com\/wp-content\/plugins\/trunk\/assets\/img\/guest.png')this.src='https:\/\/demo.richplugins.com\/wp-content\/plugins\/trunk\/assets\/img\/guest.png';\" ><\/div><div class=\"rpi-flx rpi-col4\"><a href=\"https:\/\/www.google.com\/maps\/contrib\/110504415756494928206\/reviews\" class=\"wp-google-name\" target=\"_blank\" rel=\"nofollow noopener\" aria-label=\"Akaki Khidesheli user profile - opens in a new window\">Akaki Khidesheli<\/a><div class=\"wp-google-time\" data-time=\"1767566866\">22:47 04 Jan 26<\/div><div class=\"wp-google-feedback\"><span class=\"rpi-stars\" style=\"--rating:5\"><\/span><span class=\"wp-google-text\"><br \/><b>Deprecated<\/b>:  preg_replace(): Passing null to parameter #3 ($subject) of type array|string is deprecated in <b>\/var\/www\/html\/wp-includes\/kses.php<\/b> on line <b>2018<\/b><br \/><\/span><\/div><\/div><\/div><\/div><div class=\"wp-google-review wp-google-hide\"><div class=\"rpi-flx rpi-row12\"><div class=\"grw-img-wrap\"><img decoding=\"async\" class=\"grw-img\" src=\"http:\/\/demo.richplugins.com\/wp-content\/uploads\/2026\/01\/ChIJRRkWyaHhvkcRO9-becmNGAU_04b3612eafe616b224edf7b3555d214a.jpg\" loading=\"lazy\" alt=\"\" width=\"50\" height=\"50\" onerror=\"if(this.src!='https:\/\/demo.richplugins.com\/wp-content\/plugins\/trunk\/assets\/img\/guest.png')this.src='https:\/\/demo.richplugins.com\/wp-content\/plugins\/trunk\/assets\/img\/guest.png';\" ><\/div><div class=\"rpi-flx rpi-col4\"><a href=\"https:\/\/www.google.com\/maps\/contrib\/118249671088042590497\/reviews\" class=\"wp-google-name\" target=\"_blank\" rel=\"nofollow noopener\" aria-label=\"Kathie user profile - opens in a new window\">Kathie<\/a><div class=\"wp-google-time\" data-time=\"1767131508\">21:51 30 Dec 25<\/div><div class=\"wp-google-feedback\"><span class=\"rpi-stars\" style=\"--rating:5\"><\/span><span class=\"wp-google-text\">Mein Lieblingscaf\u00e9 in Bonn. Es hat fast die l\u00e4ngsten \u00d6ffnungszeiten und viele gem\u00fctliche Sitzpl\u00e4tze. Ideal f\u00fcr Studenten und Freiberufler. Zentral gelegen und gut erreichbar. Der Ausblick aus dem Fenster ist herrlich. Die Mitarbeiter sind sehr freundlich.<\/span><\/div><\/div><\/div><\/div><div class=\"wp-google-review wp-google-hide\"><div class=\"rpi-flx rpi-row12\"><div class=\"grw-img-wrap\"><img decoding=\"async\" class=\"grw-img\" src=\"http:\/\/demo.richplugins.com\/wp-content\/uploads\/2026\/01\/ChIJRRkWyaHhvkcRO9-becmNGAU_8d73765eeca5b37e6de7f0708c738673.jpg\" loading=\"lazy\" alt=\"\" width=\"50\" height=\"50\" onerror=\"if(this.src!='https:\/\/demo.richplugins.com\/wp-content\/plugins\/trunk\/assets\/img\/guest.png')this.src='https:\/\/demo.richplugins.com\/wp-content\/plugins\/trunk\/assets\/img\/guest.png';\" ><\/div><div class=\"rpi-flx rpi-col4\"><a href=\"https:\/\/www.google.com\/maps\/contrib\/100993030727494604941\/reviews\" class=\"wp-google-name\" target=\"_blank\" rel=\"nofollow noopener\" aria-label=\"Anna user profile - opens in a new window\">Anna<\/a><div class=\"wp-google-time\" data-time=\"1756828282\">15:51 02 Sep 25<\/div><div class=\"wp-google-feedback\"><span class=\"rpi-stars\" style=\"--rating:3\"><\/span><span class=\"wp-google-text\">Es ist normaler akzeptabler Kaffee. \u00dcber den Preis kann man sich streiten. Im Endeffekt muss man selber entscheiden, ob man das Geld investieren m\u00f6chte.<br \/>Was mich wahnsinnig st\u00f6rt ist die Plastikverschwendung und dass man nicht einmal mehr ein Glas bekommt wenn man zum \u201ehier trinken\u201c bestellt. Bitte \u00e4ndern!&#x1f64f;<\/span><\/div><\/div><\/div><\/div><div class=\"wp-google-review wp-google-hide\"><div class=\"rpi-flx rpi-row12\"><div class=\"grw-img-wrap\"><img decoding=\"async\" class=\"grw-img\" src=\"http:\/\/demo.richplugins.com\/wp-content\/uploads\/2026\/01\/ChIJRRkWyaHhvkcRO9-becmNGAU_a61eb689682d46bae63249b41967ce0d.jpg\" loading=\"lazy\" alt=\"\" width=\"50\" height=\"50\" onerror=\"if(this.src!='https:\/\/demo.richplugins.com\/wp-content\/plugins\/trunk\/assets\/img\/guest.png')this.src='https:\/\/demo.richplugins.com\/wp-content\/plugins\/trunk\/assets\/img\/guest.png';\" ><\/div><div class=\"rpi-flx rpi-col4\"><a href=\"https:\/\/www.google.com\/maps\/contrib\/115330703812988536954\/reviews\" class=\"wp-google-name\" target=\"_blank\" rel=\"nofollow noopener\" aria-label=\"Jean-Luca user profile - opens in a new window\">Jean-Luca<\/a><div class=\"wp-google-time\" data-time=\"1756639970\">11:32 31 Aug 25<\/div><div class=\"wp-google-feedback\"><span class=\"rpi-stars\" style=\"--rating:5\"><\/span><span class=\"wp-google-text\">Immer wenn ich in Bonn bin komme ich her, da ich wei\u00df, dass ich immer ein Getr\u00e4nk bekomme das schmeckt und meinen Durst stillt. Besonders der Pumpkin Spice Latte ist MEGA!!! Den sollte es am besten das ganze Jahr \u00fcber geben&#x1f601;.<\/span><\/div><\/div><\/div><\/div><div class=\"wp-google-review wp-google-hide\"><div class=\"rpi-flx rpi-row12\"><div class=\"grw-img-wrap\"><img decoding=\"async\" class=\"grw-img\" src=\"http:\/\/demo.richplugins.com\/wp-content\/uploads\/2026\/01\/ChIJRRkWyaHhvkcRO9-becmNGAU_55cca1f9696df13f2e853ee93fbf4f57.jpg\" loading=\"lazy\" alt=\"\" width=\"50\" height=\"50\" onerror=\"if(this.src!='https:\/\/demo.richplugins.com\/wp-content\/plugins\/trunk\/assets\/img\/guest.png')this.src='https:\/\/demo.richplugins.com\/wp-content\/plugins\/trunk\/assets\/img\/guest.png';\" ><\/div><div class=\"rpi-flx rpi-col4\"><a href=\"https:\/\/www.google.com\/maps\/contrib\/110656539423108770213\/reviews\" class=\"wp-google-name\" target=\"_blank\" rel=\"nofollow noopener\" aria-label=\"Xenia Kassandra Werner user profile - opens in a new window\">Xenia Kassandra Werner<\/a><div class=\"wp-google-time\" data-time=\"1752617345\">22:09 15 Jul 25<\/div><div class=\"wp-google-feedback\"><span class=\"rpi-stars\" style=\"--rating:4\"><\/span><span class=\"wp-google-text\">Ich war dort mit einer Freundin, uns gefiel es sehr gut dort, der Zitronenkuchen, Browni-cheescake muffin und der Strawberry's and cream frapucino grande waren Preis Leistungsverh\u00e4ltnis sehr passend, waren mega zufrieden damit, zudem br\u00e4uchten wir nicht lange warten, w\u00e4hrend wir die 2. Bestellung noch nicht fertig aufgegeben haben, war die 1. Bestellung schon fertig.<br \/>Die Umgebung war sehr angenehm zu besuchen.<\/span><\/div><\/div><\/div><\/div><div class=\"wp-google-review wp-google-hide\"><div class=\"rpi-flx rpi-row12\"><div class=\"grw-img-wrap\"><img decoding=\"async\" class=\"grw-img\" src=\"http:\/\/demo.richplugins.com\/wp-content\/uploads\/2026\/01\/ChIJRRkWyaHhvkcRO9-becmNGAU_a0d40f0ddea1519c05d8d32d67095913.jpg\" loading=\"lazy\" alt=\"\" width=\"50\" height=\"50\" onerror=\"if(this.src!='https:\/\/demo.richplugins.com\/wp-content\/plugins\/trunk\/assets\/img\/guest.png')this.src='https:\/\/demo.richplugins.com\/wp-content\/plugins\/trunk\/assets\/img\/guest.png';\" ><\/div><div class=\"rpi-flx rpi-col4\"><a href=\"https:\/\/www.google.com\/maps\/contrib\/102760313815810029093\/reviews\" class=\"wp-google-name\" target=\"_blank\" rel=\"nofollow noopener\" aria-label=\"Kayellin user profile - opens in a new window\">Kayellin<\/a><div class=\"wp-google-time\" data-time=\"1744371063\">11:31 11 Apr 25<\/div><div class=\"wp-google-feedback\"><span class=\"rpi-stars\" style=\"--rating:5\"><\/span><span class=\"wp-google-text\">Ich bin hier fast jeden Tag \u2013 nicht aus Gewohnheit, sondern weil\u2019s einfach stimmt. Der Kaffee trifft genau meinen Geschmack, jedes Mal. Und die Stimmung? Unkompliziert, herzlich, angenehm. Die Mitarbeiterinnen sind super freundlich und schaffen eine Atmosph\u00e4re, in der man gerne bleibt \u2013 sei es f\u00fcr f\u00fcnf Minuten oder eine halbe Stunde. F\u00fcr mich der perfekte Ort, um kurz abzuschalten und einen richtig guten Kaffee zu genie\u00dfen.<br \/>&#x1f90e;&#x2615;&#xfe0f;<\/span><\/div><\/div><\/div><\/div><div class=\"wp-google-review wp-google-hide\"><div class=\"rpi-flx rpi-row12\"><div class=\"grw-img-wrap\"><img decoding=\"async\" class=\"grw-img\" src=\"http:\/\/demo.richplugins.com\/wp-content\/uploads\/2026\/01\/ChIJRRkWyaHhvkcRO9-becmNGAU_3d1c496499eb9d34bc691bde5a061976.jpg\" loading=\"lazy\" alt=\"\" width=\"50\" height=\"50\" onerror=\"if(this.src!='https:\/\/demo.richplugins.com\/wp-content\/plugins\/trunk\/assets\/img\/guest.png')this.src='https:\/\/demo.richplugins.com\/wp-content\/plugins\/trunk\/assets\/img\/guest.png';\" ><\/div><div class=\"rpi-flx rpi-col4\"><a href=\"https:\/\/www.google.com\/maps\/contrib\/117247469625067600420\/reviews\" class=\"wp-google-name\" target=\"_blank\" rel=\"nofollow noopener\" aria-label=\"Teodor Teleag\u0103 user profile - opens in a new window\">Teodor Teleag\u0103<\/a><div class=\"wp-google-time\" data-time=\"1659217989\">21:53 30 Jul 22<\/div><div class=\"wp-google-feedback\"><span class=\"rpi-stars\" style=\"--rating:4\"><\/span><span class=\"wp-google-text\">Der Kaffee hier ist immer sehr s\u00fc\u00df und schmeckt f\u00fcr mich nach Nachtisch. Ich wundere mich auch jedesmal \u00fcber die viele Menschen an Laptop, die in dem L\u00e4rm im Caf\u00e9 arbeiten k\u00f6nnen. Es gibt immer ein reges Hin-und Her und man kann sich nicht so leicht entspannen. Das Personal ist sehr freundlich und die tats\u00e4chliche Nachtische sind sehr lecker. Es ist sauber und bequem hier, obwohl es immer voll ist. Obwohl der Kaffee hier nicht gerade der beste ist, muss ich zugeben, dass sich eine hervorragende Starbucks Filiale in Bonn befindet, falls man auf sowas steht.<\/span><\/div><\/div><\/div><\/div><\/div><a class=\"wp-google-url\" href=\"#\" onclick=\"return rplg_next_reviews.call(this, 'wp-google', 3);\">More reviews<\/a><\/div><\/div>\n\n\n\n<p>test testtest testtest testtest testtest testtest testtest testtest testtest testtest testtest testtest testtest testtest testtest testtest testtest testtest testtest testtest testtest testtest testtest testtest testtest testtest testtest testtest testtest test<\/p>\n\n\n\n<p>test testtest testtest testtest testtest testtest testtest testtest testtest testtest testtest testtest testtest testtest testtest testtest testtest testtest testtest testtest testtest testtest testtest testtest testtest testtest testtest testtest testtest test<\/p>\n","protected":false},"excerpt":{"rendered":"<p>test testtest testtest testtest testtest testtest testtest testtest testtest testtest testtest testtest testtest testtest testtest testtest testtest testtest testtest testtest testtest testtest testtest testtest testtest testtest testtest testtest testtest test test testtest testtest testtest testtest testtest testtest testtest testtest testtest testtest testtest testtest testtest testtest testtest testtest testtest testtest testtest testtest testtest testtest testtest testtest&hellip; <a class=\"more-link\" href=\"https:\/\/demo.richplugins.com\/index.php\/test-page\/\">Continue reading <span class=\"screen-reader-text\">Test page<\/span><\/a><\/p>\n","protected":false},"author":1,"featured_media":0,"parent":0,"menu_order":0,"comment_status":"closed","ping_status":"closed","template":"","meta":{"footnotes":""},"class_list":["post-517","page","type-page","status-publish","hentry","entry"],"_links":{"self":[{"href":"https:\/\/demo.richplugins.com\/index.php\/wp-json\/wp\/v2\/pages\/517","targetHints":{"allow":["GET"]}}],"collection":[{"href":"https:\/\/demo.richplugins.com\/index.php\/wp-json\/wp\/v2\/pages"}],"about":[{"href":"https:\/\/demo.richplugins.com\/index.php\/wp-json\/wp\/v2\/types\/page"}],"author":[{"embeddable":true,"href":"https:\/\/demo.richplugins.com\/index.php\/wp-json\/wp\/v2\/users\/1"}],"replies":[{"embeddable":true,"href":"https:\/\/demo.richplugins.com\/index.php\/wp-json\/wp\/v2\/comments?post=517"}],"version-history":[{"count":28,"href":"https:\/\/demo.richplugins.com\/index.php\/wp-json\/wp\/v2\/pages\/517\/revisions"}],"predecessor-version":[{"id":1259,"href":"https:\/\/demo.richplugins.com\/index.php\/wp-json\/wp\/v2\/pages\/517\/revisions\/1259"}],"wp:attachment":[{"href":"https:\/\/demo.richplugins.com\/index.php\/wp-json\/wp\/v2\/media?parent=517"}],"curies":[{"name":"wp","href":"https:\/\/api.w.org\/{rel}","templated":true}]}}